{"id":45,"date":"2025-01-27T14:27:18","date_gmt":"2025-01-27T14:27:18","guid":{"rendered":"https:\/\/konacaphe.com\/?page_id=45"},"modified":"2025-02-19T07:06:08","modified_gmt":"2025-02-19T07:06:08","slug":"trang-chu-kona-ca-phe-rang-xay","status":"publish","type":"page","link":"https:\/\/konacaphe.com\/","title":{"rendered":"Trang ch\u1ee7 KONA C\u00e0 Ph\u00ea Rang Xay"},"content":{"rendered":"<div class=\"slider-wrapper relative show-for-small\" id=\"slider-1142190649\" >\n    <div class=\"slider slider-nav-circle slider-nav-large slider-nav-light slider-style-normal\"\n        data-flickity-options='{\n            \"cellAlign\": \"center\",\n            \"imagesLoaded\": true,\n            \"lazyLoad\": 1,\n            \"freeScroll\": false,\n            \"wrapAround\": true,\n            \"autoPlay\": 6000,\n            \"pauseAutoPlayOnHover\" : true,\n            \"prevNextButtons\": true,\n            \"contain\" : true,\n            \"adaptiveHeight\" : true,\n            \"dragThreshold\" : 10,\n            \"percentPosition\": true,\n            \"pageDots\": true,\n            \"rightToLeft\": false,\n            \"draggable\": true,\n            \"selectedAttraction\": 0.1,\n            \"parallax\" : 0,\n            \"friction\": 0.6        }'\n        >\n        \n\n  <div class=\"banner has-hover is-full-height\" id=\"banner-1740399848\">\n          <div class=\"banner-inner fill\">\n        <div class=\"banner-bg fill\" >\n            <div class=\"bg fill bg-fill \"><\/div>\n                                    \n                    <\/div>\n\t\t\n        <div class=\"banner-layers container\">\n            <a class=\"fill\" href=\"https:\/\/konacaphe.com\/index.php\/nhan-bao-gia-si-ca-phe-rang-xay-nguyen-chat\/\"  ><div class=\"fill banner-link\"><\/div><\/a>            \n   <div id=\"text-box-1670570382\" class=\"text-box banner-layer x50 md-x50 lg-x50 y50 md-y50 lg-y50 res-text\">\n              <div data-parallax=\"-1\" data-parallax-fade=\"true\">       <div data-animate=\"bounceIn\">           <div class=\"text-box-content text dark\">\n              \n              <div class=\"text-inner text-center\">\n                  \n<h3 class=\"alt-font\"><span style=\"font-size: 32.256px;\">C\u00e0 Ph\u00ea Nguy\u00ean Ch\u1ea5t 100% Ch\u1ec9 T\u1eeb 190.000\u0111<\/span><\/h3>\n<h4 class=\"uppercase lead\"><strong><span style=\"font-size: 200%;\" data-line-height=\"xs\">B\u00c1O GI\u00c1 S\u1ec8 C\u00c0 PH\u00ca<\/span><\/strong><\/h4>\n<h4 class=\"lead\">Theo &#8220;Gu&#8221; \u0111\u1eb7c tr\u01b0ng c\u1eeda h\u00e0ng c\u1ee7a b\u1ea1n<\/h4>\n<a href=\"https:\/\/konacaphe.com\/index.php\/nhan-bao-gia-si-ca-phe-rang-xay-nguyen-chat\/\" target=\"_self\" class=\"button white is-larger\"  style=\"border-radius:99px;\">\n    <span>Nh\u1eadn B\u00e1o Gi\u00e1<\/span>\n  <\/a>\n\n              <\/div>\n           <\/div>\n       <\/div>       <\/div>              \n<style>\n#text-box-1670570382 {\n  width: 80%;\n}\n#text-box-1670570382 .text-box-content {\n  font-size: 100%;\n}\n@media (min-width:550px) {\n  #text-box-1670570382 {\n    width: 52%;\n  }\n}\n<\/style>\n    <\/div>\n \n        <\/div>\n      <\/div>\n\n            \n<style>\n#banner-1740399848 {\n  padding-top: 100%;\n}\n#banner-1740399848 .bg.bg-loaded {\n  background-image: url(https:\/\/konacaphe.com\/wp-content\/uploads\/2025\/02\/Coffee-beans-caffeine.gif);\n}\n#banner-1740399848 .bg {\n  background-position: 68% 27%;\n}\n#banner-1740399848 .ux-shape-divider--top svg {\n  height: 150px;\n  --divider-top-width: 100%;\n}\n#banner-1740399848 .ux-shape-divider--bottom svg {\n  height: 150px;\n  --divider-width: 100%;\n}\n<\/style>\n  <\/div>\n\n\n     <\/div>\n\n     <div class=\"loading-spin dark large centered\"><\/div>\n\n     \t<\/div>\n\n\n<div class=\"slider-wrapper relative hide-for-medium\" id=\"slider-230907761\" >\n    <div class=\"slider slider-nav-circle slider-nav-large slider-nav-light slider-style-normal\"\n        data-flickity-options='{\n            \"cellAlign\": \"center\",\n            \"imagesLoaded\": true,\n            \"lazyLoad\": 1,\n            \"freeScroll\": false,\n            \"wrapAround\": true,\n            \"autoPlay\": 6000,\n            \"pauseAutoPlayOnHover\" : true,\n            \"prevNextButtons\": true,\n            \"contain\" : true,\n            \"adaptiveHeight\" : true,\n            \"dragThreshold\" : 10,\n            \"percentPosition\": true,\n            \"pageDots\": true,\n            \"rightToLeft\": false,\n            \"draggable\": true,\n            \"selectedAttraction\": 0.1,\n            \"parallax\" : 0,\n            \"friction\": 0.6        }'\n        >\n        \n\n  <div class=\"banner has-hover\" id=\"banner-809377449\">\n          <div class=\"banner-inner fill\">\n        <div class=\"banner-bg fill\" >\n            <div class=\"bg fill bg-fill \"><\/div>\n                                    \n                    <\/div>\n\t\t\n        <div class=\"banner-layers container\">\n            <a class=\"fill\" href=\"https:\/\/konacaphe.com\/index.php\/nhan-bao-gia-si-ca-phe-rang-xay-nguyen-chat\/\"  ><div class=\"fill banner-link\"><\/div><\/a>            \n   <div id=\"text-box-1334405803\" class=\"text-box banner-layer x50 md-x50 lg-x50 y50 md-y50 lg-y50 res-text\">\n              <div data-parallax=\"-1\" data-parallax-fade=\"true\">       <div data-animate=\"bounceIn\">           <div class=\"text-box-content text dark\">\n              \n              <div class=\"text-inner text-center\">\n                  \n<h3 class=\"alt-font\"><span style=\"font-size: 32.256px;\">C\u00e0 Ph\u00ea Nguy\u00ean Ch\u1ea5t 100% Ch\u1ec9 T\u1eeb 190.000\u0111<\/span><\/h3>\n<h4 class=\"uppercase lead\"><strong><span style=\"font-size: 200%;\" data-line-height=\"xs\">B\u00c1O GI\u00c1 S\u1ec8 C\u00c0 PH\u00ca<\/span><\/strong><\/h4>\n<h4 class=\"lead\">Theo &#8220;Gu&#8221; \u0111\u1eb7c tr\u01b0ng c\u1eeda h\u00e0ng c\u1ee7a b\u1ea1n<\/h4>\n<a href=\"https:\/\/konacaphe.com\/index.php\/nhan-bao-gia-si-ca-phe-rang-xay-nguyen-chat\/\" target=\"_self\" class=\"button white is-larger\"  style=\"border-radius:99px;\">\n    <span>Nh\u1eadn B\u00e1o Gi\u00e1<\/span>\n  <\/a>\n\n              <\/div>\n           <\/div>\n       <\/div>       <\/div>              \n<style>\n#text-box-1334405803 {\n  width: 80%;\n}\n#text-box-1334405803 .text-box-content {\n  font-size: 100%;\n}\n@media (min-width:550px) {\n  #text-box-1334405803 {\n    width: 52%;\n  }\n}\n<\/style>\n    <\/div>\n \n        <\/div>\n      <\/div>\n\n            \n<style>\n#banner-809377449 {\n  padding-top: 40%;\n}\n#banner-809377449 .bg.bg-loaded {\n  background-image: url(https:\/\/konacaphe.com\/wp-content\/uploads\/2025\/02\/Coffee-beans-caffeine.gif);\n}\n#banner-809377449 .bg {\n  background-position: 68% 27%;\n}\n#banner-809377449 .ux-shape-divider--top svg {\n  height: 150px;\n  --divider-top-width: 100%;\n}\n#banner-809377449 .ux-shape-divider--bottom svg {\n  height: 150px;\n  --divider-width: 100%;\n}\n<\/style>\n  <\/div>\n\n\n     <\/div>\n\n     <div class=\"loading-spin dark large centered\"><\/div>\n\n     \t<\/div>\n\n\n<div class=\"row row-collapse row-full-width\"  id=\"row-962125542\">\n\n\t<div id=\"col-891536014\" class=\"col medium-6 small-12 large-6\"  >\n\t\t\t\t<div class=\"col-inner\"  >\n\t\t\t\n\t\t\t\n\n  <div class=\"banner has-hover bg-zoom-fade\" id=\"banner-1732824955\">\n          <div class=\"banner-inner fill\">\n        <div class=\"banner-bg fill\" >\n            <div class=\"bg fill bg-fill \"><\/div>\n                        <div class=\"overlay\"><\/div>            \n                    <\/div>\n\t\t\n        <div class=\"banner-layers container\">\n            <div class=\"fill banner-link\"><\/div>            \n   <div id=\"text-box-719799849\" class=\"text-box banner-layer x50 md-x50 lg-x50 y50 md-y50 lg-y50 res-text\">\n                                <div class=\"text-box-content text dark\">\n              \n              <div class=\"text-inner text-center\">\n                  \n<h3 class=\"uppercase\">MUA C\u00c0 PH\u00ca L\u1eba<\/h3>\n<h2 class=\"uppercase\"><strong>Shop Online<\/strong><\/h2>\n<a href=\"https:\/\/shopee.vn\/shop\/36591981\" target=\"_self\" class=\"button white is-outline is-larger\"  style=\"border-radius:99px;\">\n    <span>V\u00c0O SHOP<\/span>\n  <\/a>\n\n              <\/div>\n           <\/div>\n                            \n<style>\n#text-box-719799849 {\n  width: 75%;\n}\n#text-box-719799849 .text-box-content {\n  font-size: 100%;\n}\n<\/style>\n    <\/div>\n \n        <\/div>\n      <\/div>\n\n            \n<style>\n#banner-1732824955 {\n  padding-top: 300px;\n}\n#banner-1732824955 .bg.bg-loaded {\n  background-image: url(https:\/\/konacaphe.com\/wp-content\/uploads\/2025\/02\/Banner-02.png);\n}\n#banner-1732824955 .overlay {\n  background-color: rgba(0,0,0,.5);\n}\n#banner-1732824955 .bg {\n  background-position: 42% 18%;\n}\n#banner-1732824955 .ux-shape-divider--top svg {\n  height: 150px;\n  --divider-top-width: 100%;\n}\n#banner-1732824955 .ux-shape-divider--bottom svg {\n  height: 150px;\n  --divider-width: 100%;\n}\n<\/style>\n  <\/div>\n\n\n\t\t<\/div>\n\t\t\t\t\t<\/div>\n\n\t\n\n\n\t<div id=\"col-2145631549\" class=\"col medium-6 small-12 large-6\"  >\n\t\t\t\t<div class=\"col-inner\"  >\n\t\t\t\n\t\t\t\n\n  <div class=\"banner has-hover bg-zoom-fade\" id=\"banner-1640943174\">\n          <div class=\"banner-inner fill\">\n        <div class=\"banner-bg fill\" >\n            <div class=\"bg fill bg-fill \"><\/div>\n                        <div class=\"overlay\"><\/div>            \n                    <\/div>\n\t\t\n        <div class=\"banner-layers container\">\n            <div class=\"fill banner-link\"><\/div>            \n   <div id=\"text-box-2087335179\" class=\"text-box banner-layer x90 md-x90 lg-x90 y50 md-y50 lg-y50 res-text\">\n                                <div class=\"text-box-content text dark\">\n              \n              <div class=\"text-inner text-center\">\n                  \n\t<div id=\"text-931844955\" class=\"text\">\n\t\t\n<h3 class=\"uppercase\">KI\u1ebeN TH\u1ee8C V\u1ec0<\/h3>\n<h2 class=\"uppercase\"><strong>C\u00c0 PH\u00ca RANG XAY<\/strong><\/h2>\n\t\t\n<style>\n#text-931844955 {\n  color: rgb(255,255,255);\n}\n#text-931844955 > * {\n  color: rgb(255,255,255);\n}\n<\/style>\n\t<\/div>\n\t\n<a href=\"https:\/\/konacaphe.com\/index.php\/tim-hieu-ve-ca-phe\/\" target=\"_self\" class=\"button white is-outline is-larger\"  style=\"border-radius:99px;\">\n    <span>CHI TI\u1ebeT<\/span>\n  <\/a>\n\n              <\/div>\n           <\/div>\n                            \n<style>\n#text-box-2087335179 {\n  width: 70%;\n}\n#text-box-2087335179 .text-box-content {\n  font-size: 100%;\n}\n<\/style>\n    <\/div>\n \n        <\/div>\n      <\/div>\n\n            \n<style>\n#banner-1640943174 {\n  padding-top: 300px;\n}\n#banner-1640943174 .bg.bg-loaded {\n  background-image: url(https:\/\/konacaphe.com\/wp-content\/uploads\/2025\/02\/Banner-04.png);\n}\n#banner-1640943174 .overlay {\n  background-color: rgba(0,0,0,.5);\n}\n#banner-1640943174 .bg {\n  background-position: 31% 0%;\n}\n#banner-1640943174 .ux-shape-divider--top svg {\n  height: 150px;\n  --divider-top-width: 100%;\n}\n#banner-1640943174 .ux-shape-divider--bottom svg {\n  height: 150px;\n  --divider-width: 100%;\n}\n<\/style>\n  <\/div>\n\n\n\t\t<\/div>\n\t\t\t\t\t<\/div>\n\n\t\n<\/div>\n<div class=\"row align-center\"  id=\"row-1373406952\">\n\n\t<div id=\"col-818965116\" class=\"col medium-7 small-12 large-7\"  >\n\t\t\t\t<div class=\"col-inner text-center\"  >\n\t\t\t\n\t\t\t\n<p class=\"uppercase lead\"><span style=\"font-size: 160%;\"><strong>KONA<\/strong> C\u00e0 Ph\u00ea<\/span><\/p>\n<p>C\u00f9ng kh\u00e1m ph\u00e1 h\u01b0\u01a1ng v\u1ecb \u0111\u1eadm \u0111\u00e0, tinh t\u00fay t\u1eeb nh\u1eefng h\u1ea1t c\u00e0 ph\u00ea nguy\u00ean ch\u1ea5t \u0111\u01b0\u1ee3c ch\u1ecdn l\u1ecdc k\u1ef9 l\u01b0\u1ee1ng t\u1eeb c\u00e1c v\u00f9ng \u0111\u1ea5t tr\u1ed3ng c\u00e0 ph\u00ea n\u1ed5i ti\u1ebfng c\u1ee7a Vi\u1ec7t Nam. KONA C\u00e0 Ph\u00ea s\u1ebd mang \u0111\u1ebfn b\u1ea1n nh\u1eefng ly c\u00e0 ph\u00ea th\u01a1m ngon, \u0111\u1eadm \u0111\u00e0, gi\u1eef tr\u1ecdn h\u01b0\u01a1ng v\u1ecb t\u1ef1 nhi\u00ean. H\u00e3y th\u01b0\u1edfng th\u1ee9c v\u00e0 c\u1ea3m nh\u1eadn s\u1ef1 kh\u00e1c bi\u1ec7t trong t\u1eebng ng\u1ee5m c\u00e0 ph\u00ea!<\/p>\n<a href=\"http:\/\/about-us\" target=\"_self\" class=\"button primary is-outline is-small\"  style=\"border-radius:99px;\">\n    <span>LI\u00caN H\u1ec6 ZALO<\/span>\n  <\/a>\n\n<a href=\"http:\/\/shop\" target=\"_self\" class=\"button primary is-small\"  style=\"border-radius:99px;\">\n    <span>NH\u1eacN M\u1eaaU C\u00c0 PH\u00ca<\/span>\n  <\/a>\n\n\t\t<\/div>\n\t\t\t\t\n<style>\n#col-818965116 > .col-inner {\n  padding: 40px 0px 0px 0px;\n}\n<\/style>\n\t<\/div>\n\n\t\n<\/div>\n\n\n","protected":false},"excerpt":{"rendered":"","protected":false},"author":1,"featured_media":0,"parent":0,"menu_order":0,"comment_status":"closed","ping_status":"closed","template":"page-transparent-header-light.php","meta":{"footnotes":""},"class_list":["post-45","page","type-page","status-publish","hentry"],"_links":{"self":[{"href":"https:\/\/konacaphe.com\/index.php\/wp-json\/wp\/v2\/pages\/45","targetHints":{"allow":["GET"]}}],"collection":[{"href":"https:\/\/konacaphe.com\/index.php\/wp-json\/wp\/v2\/pages"}],"about":[{"href":"https:\/\/konacaphe.com\/index.php\/wp-json\/wp\/v2\/types\/page"}],"author":[{"embeddable":true,"href":"https:\/\/konacaphe.com\/index.php\/wp-json\/wp\/v2\/users\/1"}],"replies":[{"embeddable":true,"href":"https:\/\/konacaphe.com\/index.php\/wp-json\/wp\/v2\/comments?post=45"}],"version-history":[{"count":37,"href":"https:\/\/konacaphe.com\/index.php\/wp-json\/wp\/v2\/pages\/45\/revisions"}],"predecessor-version":[{"id":123,"href":"https:\/\/konacaphe.com\/index.php\/wp-json\/wp\/v2\/pages\/45\/revisions\/123"}],"wp:attachment":[{"href":"https:\/\/konacaphe.com\/index.php\/wp-json\/wp\/v2\/media?parent=45"}],"curies":[{"name":"wp","href":"https:\/\/api.w.org\/{rel}","templated":true}]}}