{"id":82,"date":"2025-02-01T03:53:10","date_gmt":"2025-02-01T03:53:10","guid":{"rendered":"https:\/\/konacaphe.com\/?page_id=82"},"modified":"2025-02-01T06:55:59","modified_gmt":"2025-02-01T06:55:59","slug":"nhan-bao-gia-si-ca-phe-rang-xay-nguyen-chat","status":"publish","type":"page","link":"https:\/\/konacaphe.com\/index.php\/nhan-bao-gia-si-ca-phe-rang-xay-nguyen-chat\/","title":{"rendered":"Nh\u1eadn b\u00e1o gi\u00e1 s\u1ec9 c\u00e0 ph\u00ea rang xay nguy\u00ean ch\u1ea5t"},"content":{"rendered":"<div class=\"row hide-for-medium\"  id=\"row-2120590012\">\n\n\t<div id=\"col-102511747\" class=\"col medium-2 small-12 large-2\"  >\n\t\t\t\t<div class=\"col-inner\"  >\n\t\t\t\n\t\t\t\n\t\t<\/div>\n\t\t\t\t\t<\/div>\n\n\t\n\n\t<div id=\"col-1989340107\" class=\"col medium-4 small-6 large-4\"  >\n\t\t\t\t<div class=\"col-inner\"  >\n\t\t\t\n\t\t\t\n\n  <div class=\"banner has-hover\" id=\"banner-317394288\">\n          <div class=\"banner-inner fill\">\n        <div class=\"banner-bg fill\" >\n            <div class=\"bg fill bg-fill \"><\/div>\n                        <div class=\"overlay\"><\/div>            \n                    <\/div>\n\t\t\n        <div class=\"banner-layers container\">\n            <div class=\"fill banner-link\"><\/div>            \n   <div id=\"text-box-880927098\" class=\"text-box banner-layer x50 md-x50 lg-x50 y90 md-y90 lg-y90 res-text\">\n                                <div class=\"text-box-content text dark\">\n              \n              <div class=\"text-inner text-center\">\n                  \n<h4 class=\"uppercase\">THAM GIA NH\u00d3M ZALO<\/h4>\n<h2 class=\"uppercase\"><strong>C\u1eacP NH\u1eacT Gi\u00c1 S\u1ec8 H\u1eb0NG TU\u1ea6N<\/strong><\/h2>\n<a class=\"button white is-outline is-larger\"  >\n    <span>THAM GIA NGAY<\/span>\n  <\/a>\n\n              <\/div>\n           <\/div>\n                            \n<style>\n#text-box-880927098 {\n  width: 80%;\n}\n#text-box-880927098 .text-box-content {\n  font-size: 100%;\n}\n<\/style>\n    <\/div>\n \n        <\/div>\n      <\/div>\n\n            \n<style>\n#banner-317394288 {\n  padding-top: 528px;\n}\n#banner-317394288 .bg.bg-loaded {\n  background-image: url(https:\/\/konacaphe.com\/wp-content\/uploads\/2025\/02\/Banner-05.png);\n}\n#banner-317394288 .overlay {\n  background-color: rgba(0, 0, 0, 0.2);\n}\n#banner-317394288 .ux-shape-divider--top svg {\n  height: 150px;\n  --divider-top-width: 100%;\n}\n#banner-317394288 .ux-shape-divider--bottom svg {\n  height: 150px;\n  --divider-width: 100%;\n}\n<\/style>\n  <\/div>\n\n\n\t\t<\/div>\n\t\t\t\t\t<\/div>\n\n\t\n\n\t<div id=\"col-2014327855\" class=\"col medium-4 small-6 large-4\"  >\n\t\t\t\t<div class=\"col-inner\"  >\n\t\t\t\n\t\t\t\n\n<div class=\"wpcf7 no-js\" id=\"wpcf7-f81-o1\" lang=\"vi\" dir=\"ltr\" data-wpcf7-id=\"81\">\n<div class=\"screen-reader-response\"><p role=\"status\" aria-live=\"polite\" aria-atomic=\"true\"><\/p> <ul><\/ul><\/div>\n<form action=\"\/index.php\/wp-json\/wp\/v2\/pages\/82#wpcf7-f81-o1\" method=\"post\" class=\"wpcf7-form init\" aria-label=\"Form li\u00ean h\u1ec7\" novalidate=\"novalidate\" data-status=\"init\">\n<div style=\"display: none;\">\n<input type=\"hidden\" name=\"_wpcf7\" value=\"81\" \/>\n<input type=\"hidden\" name=\"_wpcf7_version\" value=\"6.0.3\" \/>\n<input type=\"hidden\" name=\"_wpcf7_locale\" value=\"vi\" \/>\n<input type=\"hidden\" name=\"_wpcf7_unit_tag\" value=\"wpcf7-f81-o1\" \/>\n<input type=\"hidden\" name=\"_wpcf7_container_post\" value=\"0\" \/>\n<input type=\"hidden\" name=\"_wpcf7_posted_data_hash\" value=\"\" \/>\n<\/div>\n<p><label> T\u00ean qu\u00e1n\/T\u00ean c\u1ee7a b\u1ea1n<br \/>\n<span class=\"wpcf7-form-control-wrap\" data-name=\"your-name\"><input size=\"40\" maxlength=\"400\" class=\"wpcf7-form-control wpcf7-text wpcf7-validates-as-required\" autocomplete=\"name\" aria-required=\"true\" aria-invalid=\"false\" value=\"\" type=\"text\" name=\"your-name\" \/><\/span> <\/label>\n<\/p>\n<p><label> S\u1ed1 \u0111i\u1ec7n tho\u1ea1i li\u00ean h\u1ec7 (Zalo)<br \/>\n<span class=\"wpcf7-form-control-wrap\" data-name=\"tel-574\"><input size=\"40\" maxlength=\"400\" class=\"wpcf7-form-control wpcf7-tel wpcf7-text wpcf7-validates-as-tel\" aria-invalid=\"false\" value=\"\" type=\"tel\" name=\"tel-574\" \/><\/span><\/label>\n<\/p>\n<p><label> G\u1ed3m c\u00e1c lo\u1ea1i h\u1ea1t C\u00e0 Ph\u00ea (Ch\u1ecdn 1 ho\u1eb7c nhi\u1ec1u) <\/label><br \/>\n<span class=\"wpcf7-form-control-wrap\" data-name=\"checkbox-267\"><span class=\"wpcf7-form-control wpcf7-checkbox\"><span class=\"wpcf7-list-item first\"><label><input type=\"checkbox\" name=\"checkbox-267[]\" value=\"Robusta\" \/><span class=\"wpcf7-list-item-label\">Robusta<\/span><\/label><\/span><span class=\"wpcf7-list-item\"><label><input type=\"checkbox\" name=\"checkbox-267[]\" value=\"Arabica\" \/><span class=\"wpcf7-list-item-label\">Arabica<\/span><\/label><\/span><span class=\"wpcf7-list-item last\"><label><input type=\"checkbox\" name=\"checkbox-267[]\" value=\"Moka\" \/><span class=\"wpcf7-list-item-label\">Moka<\/span><\/label><\/span><\/span><\/span><br \/>\n<label> T\u1ec9 l\u1ec7 pha tr\u1ed9n (Ch\u1ecdn 1 ho\u1eb7c nhi\u1ec1u) <\/label><br \/>\n<span class=\"wpcf7-form-control-wrap\" data-name=\"checkbox-727\"><span class=\"wpcf7-form-control wpcf7-checkbox\"><span class=\"wpcf7-list-item first\"><label><input type=\"checkbox\" name=\"checkbox-727[]\" value=\"50 - 50\" \/><span class=\"wpcf7-list-item-label\">50 - 50<\/span><\/label><\/span><span class=\"wpcf7-list-item\"><label><input type=\"checkbox\" name=\"checkbox-727[]\" value=\"60 - 40\" \/><span class=\"wpcf7-list-item-label\">60 - 40<\/span><\/label><\/span><span class=\"wpcf7-list-item\"><label><input type=\"checkbox\" name=\"checkbox-727[]\" value=\"70 - 30\" \/><span class=\"wpcf7-list-item-label\">70 - 30<\/span><\/label><\/span><span class=\"wpcf7-list-item\"><label><input type=\"checkbox\" name=\"checkbox-727[]\" value=\"80 - 20\" \/><span class=\"wpcf7-list-item-label\">80 - 20<\/span><\/label><\/span><span class=\"wpcf7-list-item last\"><label><input type=\"checkbox\" name=\"checkbox-727[]\" value=\"Kh\u00e1c\" \/><span class=\"wpcf7-list-item-label\">Kh\u00e1c<\/span><\/label><\/span><\/span><\/span><br \/>\n<label> M\u1ee9c \u0111\u1ed9 rang (Ch\u1ecdn 1 ho\u1eb7c nhi\u1ec1u) <\/label><br \/>\n<span class=\"wpcf7-form-control-wrap\" data-name=\"checkbox-850\"><span class=\"wpcf7-form-control wpcf7-checkbox\"><span class=\"wpcf7-list-item first\"><label><input type=\"checkbox\" name=\"checkbox-850[]\" value=\"Nh\u1ea1t\" \/><span class=\"wpcf7-list-item-label\">Nh\u1ea1t<\/span><\/label><\/span><span class=\"wpcf7-list-item\"><label><input type=\"checkbox\" name=\"checkbox-850[]\" value=\"V\u1eeba\" \/><span class=\"wpcf7-list-item-label\">V\u1eeba<\/span><\/label><\/span><span class=\"wpcf7-list-item last\"><label><input type=\"checkbox\" name=\"checkbox-850[]\" value=\"\u0110\u1eadm\" \/><span class=\"wpcf7-list-item-label\">\u0110\u1eadm<\/span><\/label><\/span><\/span><\/span><br \/>\n<label> Th\u00e0nh ph\u1ea9m \u0111\u00f3ng g\u00f3i (Ch\u1ecdn 1 ho\u1eb7c nhi\u1ec1u) <\/label><br \/>\n<span class=\"wpcf7-form-control-wrap\" data-name=\"checkbox-101\"><span class=\"wpcf7-form-control wpcf7-checkbox\"><span class=\"wpcf7-list-item first\"><label><input type=\"checkbox\" name=\"checkbox-101[]\" value=\"Nguy\u00ean h\u1ea1t\" \/><span class=\"wpcf7-list-item-label\">Nguy\u00ean h\u1ea1t<\/span><\/label><\/span><span class=\"wpcf7-list-item\"><label><input type=\"checkbox\" name=\"checkbox-101[]\" value=\"Xay pha phin\" \/><span class=\"wpcf7-list-item-label\">Xay pha phin<\/span><\/label><\/span><span class=\"wpcf7-list-item last\"><label><input type=\"checkbox\" name=\"checkbox-101[]\" value=\"Xay pha m\u00e1y\" \/><span class=\"wpcf7-list-item-label\">Xay pha m\u00e1y<\/span><\/label><\/span><\/span><\/span><br \/>\n<label> M\u00f4 t\u1ea3 th\u00eam <span class=\"wpcf7-form-control-wrap\" data-name=\"text-802\"><input size=\"40\" maxlength=\"400\" class=\"wpcf7-form-control wpcf7-text\" aria-invalid=\"false\" value=\"\" type=\"text\" name=\"text-802\" \/><\/span><\/label>\n<\/p>\n<p><input class=\"wpcf7-form-control wpcf7-submit has-spinner\" type=\"submit\" value=\"G\u1eedi Th\u00f4ng Tin\" \/>\n<\/p><div class=\"wpcf7-response-output\" aria-hidden=\"true\"><\/div>\n<\/form>\n<\/div>\n\n\t\t<\/div>\n\t\t\t\t\t<\/div>\n\n\t\n\n\t<div id=\"col-357023319\" class=\"col medium-2 small-12 large-2\"  >\n\t\t\t\t<div class=\"col-inner\"  >\n\t\t\t\n\t\t\t\n\t\t<\/div>\n\t\t\t\t\t<\/div>\n\n\t\n<\/div>\n<div class=\"row show-for-small\"  id=\"row-1858975853\">\n\n\t<div id=\"col-832000695\" class=\"col medium-3 small-12 large-3\"  >\n\t\t\t\t<div class=\"col-inner\"  >\n\t\t\t\n\t\t\t\n\t\t<\/div>\n\t\t\t\t\t<\/div>\n\n\t\n\n\t<div id=\"col-73359720\" class=\"col medium-6 small-12 large-6\"  >\n\t\t\t\t<div class=\"col-inner\"  >\n\t\t\t\n\t\t\t\n\n<div class=\"wpcf7 no-js\" id=\"wpcf7-f81-o2\" lang=\"vi\" dir=\"ltr\" data-wpcf7-id=\"81\">\n<div class=\"screen-reader-response\"><p role=\"status\" aria-live=\"polite\" aria-atomic=\"true\"><\/p> <ul><\/ul><\/div>\n<form action=\"\/index.php\/wp-json\/wp\/v2\/pages\/82#wpcf7-f81-o2\" method=\"post\" class=\"wpcf7-form init\" aria-label=\"Form li\u00ean h\u1ec7\" novalidate=\"novalidate\" data-status=\"init\">\n<div style=\"display: none;\">\n<input type=\"hidden\" name=\"_wpcf7\" value=\"81\" \/>\n<input type=\"hidden\" name=\"_wpcf7_version\" value=\"6.0.3\" \/>\n<input type=\"hidden\" name=\"_wpcf7_locale\" value=\"vi\" \/>\n<input type=\"hidden\" name=\"_wpcf7_unit_tag\" value=\"wpcf7-f81-o2\" \/>\n<input type=\"hidden\" name=\"_wpcf7_container_post\" value=\"0\" \/>\n<input type=\"hidden\" name=\"_wpcf7_posted_data_hash\" value=\"\" \/>\n<\/div>\n<p><label> T\u00ean qu\u00e1n\/T\u00ean c\u1ee7a b\u1ea1n<br \/>\n<span class=\"wpcf7-form-control-wrap\" data-name=\"your-name\"><input size=\"40\" maxlength=\"400\" class=\"wpcf7-form-control wpcf7-text wpcf7-validates-as-required\" autocomplete=\"name\" aria-required=\"true\" aria-invalid=\"false\" value=\"\" type=\"text\" name=\"your-name\" \/><\/span> <\/label>\n<\/p>\n<p><label> S\u1ed1 \u0111i\u1ec7n tho\u1ea1i li\u00ean h\u1ec7 (Zalo)<br \/>\n<span class=\"wpcf7-form-control-wrap\" data-name=\"tel-574\"><input size=\"40\" maxlength=\"400\" class=\"wpcf7-form-control wpcf7-tel wpcf7-text wpcf7-validates-as-tel\" aria-invalid=\"false\" value=\"\" type=\"tel\" name=\"tel-574\" \/><\/span><\/label>\n<\/p>\n<p><label> G\u1ed3m c\u00e1c lo\u1ea1i h\u1ea1t C\u00e0 Ph\u00ea (Ch\u1ecdn 1 ho\u1eb7c nhi\u1ec1u) <\/label><br \/>\n<span class=\"wpcf7-form-control-wrap\" data-name=\"checkbox-267\"><span class=\"wpcf7-form-control wpcf7-checkbox\"><span class=\"wpcf7-list-item first\"><label><input type=\"checkbox\" name=\"checkbox-267[]\" value=\"Robusta\" \/><span class=\"wpcf7-list-item-label\">Robusta<\/span><\/label><\/span><span class=\"wpcf7-list-item\"><label><input type=\"checkbox\" name=\"checkbox-267[]\" value=\"Arabica\" \/><span class=\"wpcf7-list-item-label\">Arabica<\/span><\/label><\/span><span class=\"wpcf7-list-item last\"><label><input type=\"checkbox\" name=\"checkbox-267[]\" value=\"Moka\" \/><span class=\"wpcf7-list-item-label\">Moka<\/span><\/label><\/span><\/span><\/span><br \/>\n<label> T\u1ec9 l\u1ec7 pha tr\u1ed9n (Ch\u1ecdn 1 ho\u1eb7c nhi\u1ec1u) <\/label><br \/>\n<span class=\"wpcf7-form-control-wrap\" data-name=\"checkbox-727\"><span class=\"wpcf7-form-control wpcf7-checkbox\"><span class=\"wpcf7-list-item first\"><label><input type=\"checkbox\" name=\"checkbox-727[]\" value=\"50 - 50\" \/><span class=\"wpcf7-list-item-label\">50 - 50<\/span><\/label><\/span><span class=\"wpcf7-list-item\"><label><input type=\"checkbox\" name=\"checkbox-727[]\" value=\"60 - 40\" \/><span class=\"wpcf7-list-item-label\">60 - 40<\/span><\/label><\/span><span class=\"wpcf7-list-item\"><label><input type=\"checkbox\" name=\"checkbox-727[]\" value=\"70 - 30\" \/><span class=\"wpcf7-list-item-label\">70 - 30<\/span><\/label><\/span><span class=\"wpcf7-list-item\"><label><input type=\"checkbox\" name=\"checkbox-727[]\" value=\"80 - 20\" \/><span class=\"wpcf7-list-item-label\">80 - 20<\/span><\/label><\/span><span class=\"wpcf7-list-item last\"><label><input type=\"checkbox\" name=\"checkbox-727[]\" value=\"Kh\u00e1c\" \/><span class=\"wpcf7-list-item-label\">Kh\u00e1c<\/span><\/label><\/span><\/span><\/span><br \/>\n<label> M\u1ee9c \u0111\u1ed9 rang (Ch\u1ecdn 1 ho\u1eb7c nhi\u1ec1u) <\/label><br \/>\n<span class=\"wpcf7-form-control-wrap\" data-name=\"checkbox-850\"><span class=\"wpcf7-form-control wpcf7-checkbox\"><span class=\"wpcf7-list-item first\"><label><input type=\"checkbox\" name=\"checkbox-850[]\" value=\"Nh\u1ea1t\" \/><span class=\"wpcf7-list-item-label\">Nh\u1ea1t<\/span><\/label><\/span><span class=\"wpcf7-list-item\"><label><input type=\"checkbox\" name=\"checkbox-850[]\" value=\"V\u1eeba\" \/><span class=\"wpcf7-list-item-label\">V\u1eeba<\/span><\/label><\/span><span class=\"wpcf7-list-item last\"><label><input type=\"checkbox\" name=\"checkbox-850[]\" value=\"\u0110\u1eadm\" \/><span class=\"wpcf7-list-item-label\">\u0110\u1eadm<\/span><\/label><\/span><\/span><\/span><br \/>\n<label> Th\u00e0nh ph\u1ea9m \u0111\u00f3ng g\u00f3i (Ch\u1ecdn 1 ho\u1eb7c nhi\u1ec1u) <\/label><br \/>\n<span class=\"wpcf7-form-control-wrap\" data-name=\"checkbox-101\"><span class=\"wpcf7-form-control wpcf7-checkbox\"><span class=\"wpcf7-list-item first\"><label><input type=\"checkbox\" name=\"checkbox-101[]\" value=\"Nguy\u00ean h\u1ea1t\" \/><span class=\"wpcf7-list-item-label\">Nguy\u00ean h\u1ea1t<\/span><\/label><\/span><span class=\"wpcf7-list-item\"><label><input type=\"checkbox\" name=\"checkbox-101[]\" value=\"Xay pha phin\" \/><span class=\"wpcf7-list-item-label\">Xay pha phin<\/span><\/label><\/span><span class=\"wpcf7-list-item last\"><label><input type=\"checkbox\" name=\"checkbox-101[]\" value=\"Xay pha m\u00e1y\" \/><span class=\"wpcf7-list-item-label\">Xay pha m\u00e1y<\/span><\/label><\/span><\/span><\/span><br \/>\n<label> M\u00f4 t\u1ea3 th\u00eam <span class=\"wpcf7-form-control-wrap\" data-name=\"text-802\"><input size=\"40\" maxlength=\"400\" class=\"wpcf7-form-control wpcf7-text\" aria-invalid=\"false\" value=\"\" type=\"text\" name=\"text-802\" \/><\/span><\/label>\n<\/p>\n<p><input class=\"wpcf7-form-control wpcf7-submit has-spinner\" type=\"submit\" value=\"G\u1eedi Th\u00f4ng Tin\" \/>\n<\/p><div class=\"wpcf7-response-output\" aria-hidden=\"true\"><\/div>\n<\/form>\n<\/div>\n\n\t\t<\/div>\n\t\t\t\t\t<\/div>\n\n\t\n\n\t<div id=\"col-598069709\" class=\"col medium-3 small-12 large-3\"  >\n\t\t\t\t<div class=\"col-inner\"  >\n\t\t\t\n\t\t\t\n\t\t<\/div>\n\t\t\t\t\t<\/div>\n\n\t\n<\/div>\n<div class=\"row show-for-small\"  id=\"row-1543508870\">\n\n\t<div id=\"col-1861817619\" class=\"col medium-3 small-12 large-3\"  >\n\t\t\t\t<div class=\"col-inner\"  >\n\t\t\t\n\t\t\t\n\t\t<\/div>\n\t\t\t\t\t<\/div>\n\n\t\n\n\t<div id=\"col-618633538\" class=\"col medium-6 small-12 large-6\"  >\n\t\t\t\t<div class=\"col-inner\"  >\n\t\t\t\n\t\t\t\n\n  <div class=\"banner has-hover\" id=\"banner-819825801\">\n          <div class=\"banner-inner fill\">\n        <div class=\"banner-bg fill\" >\n            <div class=\"bg fill bg-fill \"><\/div>\n                        <div class=\"overlay\"><\/div>            \n                    <\/div>\n\t\t\n        <div class=\"banner-layers container\">\n            <div class=\"fill banner-link\"><\/div>            \n   <div id=\"text-box-93809711\" class=\"text-box banner-layer x50 md-x50 lg-x50 y90 md-y90 lg-y90 res-text\">\n                                <div class=\"text-box-content text dark\">\n              \n              <div class=\"text-inner text-center\">\n                  \n<h4 class=\"uppercase\">THAM GIA NH\u00d3M ZALO<\/h4>\n<h2 class=\"uppercase\"><strong>C\u1eacP NH\u1eacT Gi\u00c1 S\u1ec8 H\u1eb0NG TU\u1ea6N<\/strong><\/h2>\n<a class=\"button white is-outline is-larger\"  >\n    <span>Tham gia ngay<\/span>\n  <\/a>\n\n              <\/div>\n           <\/div>\n                            \n<style>\n#text-box-93809711 {\n  width: 80%;\n}\n#text-box-93809711 .text-box-content {\n  font-size: 100%;\n}\n<\/style>\n    <\/div>\n \n        <\/div>\n      <\/div>\n\n            \n<style>\n#banner-819825801 {\n  padding-top: 528px;\n}\n#banner-819825801 .bg.bg-loaded {\n  background-image: url(https:\/\/konacaphe.com\/wp-content\/uploads\/2025\/02\/Banner-05.png);\n}\n#banner-819825801 .overlay {\n  background-color: rgba(0, 0, 0, 0.2);\n}\n#banner-819825801 .ux-shape-divider--top svg {\n  height: 150px;\n  --divider-top-width: 100%;\n}\n#banner-819825801 .ux-shape-divider--bottom svg {\n  height: 150px;\n  --divider-width: 100%;\n}\n<\/style>\n  <\/div>\n\n\n\t\t<\/div>\n\t\t\t\t\t<\/div>\n\n\t\n\n\t<div id=\"col-2026466455\" class=\"col medium-3 small-12 large-3\"  >\n\t\t\t\t<div class=\"col-inner\"  >\n\t\t\t\n\t\t\t\n\t\t<\/div>\n\t\t\t\t\t<\/div>\n\n\t\n<\/div>\n","protected":false},"excerpt":{"rendered":"","protected":false},"author":1,"featured_media":62,"parent":0,"menu_order":0,"comment_status":"closed","ping_status":"closed","template":"","meta":{"footnotes":""},"class_list":["post-82","page","type-page","status-publish","has-post-thumbnail","hentry"],"_links":{"self":[{"href":"https:\/\/konacaphe.com\/index.php\/wp-json\/wp\/v2\/pages\/82","targetHints":{"allow":["GET"]}}],"collection":[{"href":"https:\/\/konacaphe.com\/index.php\/wp-json\/wp\/v2\/pages"}],"about":[{"href":"https:\/\/konacaphe.com\/index.php\/wp-json\/wp\/v2\/types\/page"}],"author":[{"embeddable":true,"href":"https:\/\/konacaphe.com\/index.php\/wp-json\/wp\/v2\/users\/1"}],"replies":[{"embeddable":true,"href":"https:\/\/konacaphe.com\/index.php\/wp-json\/wp\/v2\/comments?post=82"}],"version-history":[{"count":8,"href":"https:\/\/konacaphe.com\/index.php\/wp-json\/wp\/v2\/pages\/82\/revisions"}],"predecessor-version":[{"id":94,"href":"https:\/\/konacaphe.com\/index.php\/wp-json\/wp\/v2\/pages\/82\/revisions\/94"}],"wp:featuredmedia":[{"embeddable":true,"href":"https:\/\/konacaphe.com\/index.php\/wp-json\/wp\/v2\/media\/62"}],"wp:attachment":[{"href":"https:\/\/konacaphe.com\/index.php\/wp-json\/wp\/v2\/media?parent=82"}],"curies":[{"name":"wp","href":"https:\/\/api.w.org\/{rel}","templated":true}]}}