{"id":96,"date":"2025-02-01T07:59:09","date_gmt":"2025-02-01T07:59:09","guid":{"rendered":"https:\/\/konacaphe.com\/?page_id=96"},"modified":"2025-02-01T09:32:12","modified_gmt":"2025-02-01T09:32:12","slug":"tim-hieu-ve-ca-phe","status":"publish","type":"page","link":"https:\/\/konacaphe.com\/index.php\/tim-hieu-ve-ca-phe\/","title":{"rendered":"T\u00ecm hi\u1ec3u v\u1ec1 c\u00e0 ph\u00ea"},"content":{"rendered":"<div class=\"row\"  id=\"row-871999697\">\n\n\t<div id=\"col-281221509\" class=\"col small-12 large-12\"  >\n\t\t\t\t<div class=\"col-inner\"  >\n\t\t\t\n\t\t\t\n\n  <div class=\"banner has-hover\" id=\"banner-1773394279\">\n          <div class=\"banner-inner fill\">\n        <div class=\"banner-bg fill\" >\n            <div class=\"bg fill bg-fill \"><\/div>\n                                    \n                    <\/div>\n\t\t\n        <div class=\"banner-layers container\">\n            <div class=\"fill banner-link\"><\/div>            \n   <div id=\"text-box-1252948865\" class=\"text-box banner-layer x50 md-x50 lg-x50 y50 md-y50 lg-y50 res-text\">\n                                <div class=\"text-box-content text dark\">\n              \n              <div class=\"text-inner text-center\">\n                  \n<h3 class=\"uppercase\">RANG XAY C\u00c0 PH\u00ca<\/h3>\n<p>T\u1eeb x\u01b0a, h\u1ea1t c\u00e0 ph\u00ea \u0111\u01b0\u1ee3c v\u00ed m\u1ed9t lo\u1ea1i h\u1ea1t n\u0103ng l\u01b0\u1ee3ng gi\u00fap con ng\u01b0\u1eddi t\u1ec9nh t\u00e1o c\u0169ng nh\u01b0 gi\u00fap gi\u1ea3i ph\u00f3ng n\u0103ng l\u01b0\u1ee3ng. \u0110\u1ebfn nay, C\u00e0 ph\u00ea \u0111\u00e3 \u0111\u01b0\u1ee3c con ng\u01b0\u1eddi s\u1eed d\u1ee5ng, ch\u1ebf bi\u1ebfn nh\u01b0 th\u1ebf n\u00e0o? h\u00e3y c\u00f9ng KONA C\u00e0 Ph\u00ea t\u00ecm hi\u1ec3u nh\u00e9!\u00a0<\/p>\n<a class=\"button white is-outline\"  >\n    <span>MUA C\u00c0 PH\u00ca<\/span>\n  <\/a>\n\n              <\/div>\n           <\/div>\n                            \n<style>\n#text-box-1252948865 {\n  width: 60%;\n}\n#text-box-1252948865 .text-box-content {\n  font-size: 100%;\n}\n<\/style>\n    <\/div>\n \n        <\/div>\n      <\/div>\n\n            \n<style>\n#banner-1773394279 {\n  padding-top: 500px;\n}\n#banner-1773394279 .bg.bg-loaded {\n  background-image: url(https:\/\/konacaphe.com\/wp-content\/uploads\/2025\/02\/7174270-hd_1920_1080_25fps-1.gif);\n}\n#banner-1773394279 .ux-shape-divider--top svg {\n  height: 150px;\n  --divider-top-width: 100%;\n}\n#banner-1773394279 .ux-shape-divider--bottom svg {\n  height: 150px;\n  --divider-width: 100%;\n}\n<\/style>\n  <\/div>\n\n\n\t\t<\/div>\n\t\t\t\t\t<\/div>\n\n\t\n<\/div>\n<div class=\"row\"  id=\"row-576699758\">\n\n\t<div id=\"col-1640700237\" class=\"col medium-2 small-12 large-2\"  >\n\t\t\t\t<div class=\"col-inner\"  >\n\t\t\t\n\t\t\t\n\t\t<\/div>\n\t\t\t\t\t<\/div>\n\n\t\n\n\t<div id=\"col-1098483787\" class=\"col medium-8 small-12 large-8\"  >\n\t\t\t\t<div class=\"col-inner\"  >\n\t\t\t\n\t\t\t\n\t<div class=\"img has-hover x md-x lg-x y md-y lg-y\" id=\"image_1513803192\">\n\t\t\t\t\t\t\t\t<div class=\"img-inner dark\" >\n\t\t\t<img loading=\"lazy\" decoding=\"async\" width=\"1020\" height=\"526\" src=\"https:\/\/konacaphe.com\/wp-content\/uploads\/2025\/02\/Banner-06-1024x528.png\" class=\"attachment-large size-large\" alt=\"\" srcset=\"https:\/\/konacaphe.com\/wp-content\/uploads\/2025\/02\/Banner-06-1024x528.png 1024w, https:\/\/konacaphe.com\/wp-content\/uploads\/2025\/02\/Banner-06-300x155.png 300w, https:\/\/konacaphe.com\/wp-content\/uploads\/2025\/02\/Banner-06-768x396.png 768w, https:\/\/konacaphe.com\/wp-content\/uploads\/2025\/02\/Banner-06.png 1357w\" sizes=\"auto, (max-width: 1020px) 100vw, 1020px\" \/>\t\t\t\t\t\t\n\t\t\t\t\t<\/div>\n\t\t\t\t\t\t\t\t\n<style>\n#image_1513803192 {\n  width: 100%;\n}\n<\/style>\n\t<\/div>\n\t\n\t\t<\/div>\n\t\t\t\t\t<\/div>\n\n\t\n\n\t<div id=\"col-1891953055\" class=\"col medium-2 small-12 large-2\"  >\n\t\t\t\t<div class=\"col-inner\"  >\n\t\t\t\n\t\t\t\n\t\t<\/div>\n\t\t\t\t\t<\/div>\n\n\t\n<\/div>\n","protected":false},"excerpt":{"rendered":"","protected":false},"author":1,"featured_media":58,"parent":0,"menu_order":0,"comment_status":"closed","ping_status":"closed","template":"","meta":{"footnotes":""},"class_list":["post-96","page","type-page","status-publish","has-post-thumbnail","hentry"],"_links":{"self":[{"href":"https:\/\/konacaphe.com\/index.php\/wp-json\/wp\/v2\/pages\/96","targetHints":{"allow":["GET"]}}],"collection":[{"href":"https:\/\/konacaphe.com\/index.php\/wp-json\/wp\/v2\/pages"}],"about":[{"href":"https:\/\/konacaphe.com\/index.php\/wp-json\/wp\/v2\/types\/page"}],"author":[{"embeddable":true,"href":"https:\/\/konacaphe.com\/index.php\/wp-json\/wp\/v2\/users\/1"}],"replies":[{"embeddable":true,"href":"https:\/\/konacaphe.com\/index.php\/wp-json\/wp\/v2\/comments?post=96"}],"version-history":[{"count":7,"href":"https:\/\/konacaphe.com\/index.php\/wp-json\/wp\/v2\/pages\/96\/revisions"}],"predecessor-version":[{"id":106,"href":"https:\/\/konacaphe.com\/index.php\/wp-json\/wp\/v2\/pages\/96\/revisions\/106"}],"wp:featuredmedia":[{"embeddable":true,"href":"https:\/\/konacaphe.com\/index.php\/wp-json\/wp\/v2\/media\/58"}],"wp:attachment":[{"href":"https:\/\/konacaphe.com\/index.php\/wp-json\/wp\/v2\/media?parent=96"}],"curies":[{"name":"wp","href":"https:\/\/api.w.org\/{rel}","templated":true}]}}